{"id":154,"date":"2026-04-04T21:57:42","date_gmt":"2026-04-04T21:57:42","guid":{"rendered":"https:\/\/bellinivilla.com\/?page_id=154"},"modified":"2026-04-04T22:04:11","modified_gmt":"2026-04-04T22:04:11","slug":"suite-mansarda","status":"publish","type":"page","link":"https:\/\/bellinivilla.com\/en\/la-villa\/suite-mansarda\/","title":{"rendered":"Mansarda suite"},"content":{"rendered":"<div style=\"height:50px\" aria-hidden=\"true\" class=\"wp-block-spacer\"><\/div>\n\n\n\n<p>TERZO PIANO<\/p>\n\n\n\n<h2 class=\"wp-block-heading\">Un luogo unico, sopra tutto<\/h2>\n\n\n\n<p>All\u2019ultimo piano si trova uno degli spazi pi\u00f9 caratteristici della villa.<\/p>\n\n\n\n<p>Una suite che unisce intimit\u00e0, ampiezza e personalit\u00e0.<\/p>\n\n\n\n<h3 class=\"wp-block-heading\">Zona notte<\/h3>\n\n\n\n<p>La camera matrimoniale \u00e8 accogliente, riservata, perfetta come spazio principale della casa.<\/p>\n\n\n\n<h3 class=\"wp-block-heading\">Sala aggiuntiva<\/h3>\n\n\n\n<p>Un ambiente ampio e versatile, che pu\u00f2 diventare:<\/p>\n\n\n\n<ul class=\"wp-block-list\">\n<li>seconda zona notte<\/li>\n\n\n\n<li>area relax<\/li>\n\n\n\n<li>studio<\/li>\n\n\n\n<li>spazio creativo<\/li>\n<\/ul>\n\n\n\n<h3 class=\"wp-block-heading\">Arredi su misura<\/h3>\n\n\n\n<p>Gli elementi realizzati su misura rendono questo piano unico, con un\u2019identit\u00e0 forte e riconoscibile.<\/p>\n\n\n\n<h3 class=\"wp-block-heading\">Uno spazio speciale<\/h3>\n\n\n\n<p>Questo livello pu\u00f2 essere interpretato in molti modi:<\/p>\n\n\n\n<ul class=\"wp-block-list\">\n<li>suite padronale<\/li>\n\n\n\n<li>area ospiti esclusiva<\/li>\n\n\n\n<li>ambiente dedicato alla tranquillit\u00e0<\/li>\n<\/ul>\n\n\n\n<p>\u00c8 il punto pi\u00f9 intimo della villa, una raffinata mansarda dove tutto diventa pi\u00f9 silenzioso, pi\u00f9 personale.<\/p>\n\n\n\n<p><\/p>","protected":false},"excerpt":{"rendered":"<p>TERZO PIANO Un luogo unico, sopra tutto All\u2019ultimo piano si trova uno degli spazi pi\u00f9 caratteristici della villa. Una suite [&hellip;]<\/p>\n","protected":false},"author":1,"featured_media":0,"parent":11,"menu_order":0,"comment_status":"closed","ping_status":"closed","template":"","meta":{"site-sidebar-layout":"default","site-content-layout":"","ast-site-content-layout":"default","site-content-style":"default","site-sidebar-style":"default","ast-global-header-display":"","ast-banner-title-visibility":"","ast-main-header-display":"","ast-hfb-above-header-display":"","ast-hfb-below-header-display":"","ast-hfb-mobile-header-display":"","site-post-title":"","ast-breadcrumbs-content":"","ast-featured-img":"","footer-sml-layout":"","ast-disable-related-posts":"","theme-transparent-header-meta":"","adv-header-id-meta":"","stick-header-meta":"","header-above-stick-meta":"","header-main-stick-meta":"","header-below-stick-meta":"","astra-migrate-meta-layouts":"default","ast-page-background-enabled":"default","ast-page-background-meta":{"desktop":{"background-color":"var(--ast-global-color-5)","background-image":"","background-repeat":"repeat","background-position":"center center","background-size":"auto","background-attachment":"scroll","background-type":"","background-media":"","overlay-type":"","overlay-color":"","overlay-opacity":"","overlay-gradient":""},"tablet":{"background-color":"","background-image":"","background-repeat":"repeat","background-position":"center center","background-size":"auto","background-attachment":"scroll","background-type":"","background-media":"","overlay-type":"","overlay-color":"","overlay-opacity":"","overlay-gradient":""},"mobile":{"background-color":"","background-image":"","background-repeat":"repeat","background-position":"center center","background-size":"auto","background-attachment":"scroll","background-type":"","background-media":"","overlay-type":"","overlay-color":"","overlay-opacity":"","overlay-gradient":""}},"ast-content-background-meta":{"desktop":{"background-color":"var(--ast-global-color-4)","background-image":"","background-repeat":"repeat","background-position":"center center","background-size":"auto","background-attachment":"scroll","background-type":"","background-media":"","overlay-type":"","overlay-color":"","overlay-opacity":"","overlay-gradient":""},"tablet":{"background-color":"var(--ast-global-color-4)","background-image":"","background-repeat":"repeat","background-position":"center center","background-size":"auto","background-attachment":"scroll","background-type":"","background-media":"","overlay-type":"","overlay-color":"","overlay-opacity":"","overlay-gradient":""},"mobile":{"background-color":"var(--ast-global-color-4)","background-image":"","background-repeat":"repeat","background-position":"center center","background-size":"auto","background-attachment":"scroll","background-type":"","background-media":"","overlay-type":"","overlay-color":"","overlay-opacity":"","overlay-gradient":""}},"footnotes":""},"class_list":["post-154","page","type-page","status-publish","hentry"],"_hostinger_reach_plugin_has_subscription_block":false,"_hostinger_reach_plugin_is_elementor":false,"_links":{"self":[{"href":"https:\/\/bellinivilla.com\/en\/wp-json\/wp\/v2\/pages\/154","targetHints":{"allow":["GET"]}}],"collection":[{"href":"https:\/\/bellinivilla.com\/en\/wp-json\/wp\/v2\/pages"}],"about":[{"href":"https:\/\/bellinivilla.com\/en\/wp-json\/wp\/v2\/types\/page"}],"author":[{"embeddable":true,"href":"https:\/\/bellinivilla.com\/en\/wp-json\/wp\/v2\/users\/1"}],"replies":[{"embeddable":true,"href":"https:\/\/bellinivilla.com\/en\/wp-json\/wp\/v2\/comments?post=154"}],"version-history":[{"count":5,"href":"https:\/\/bellinivilla.com\/en\/wp-json\/wp\/v2\/pages\/154\/revisions"}],"predecessor-version":[{"id":165,"href":"https:\/\/bellinivilla.com\/en\/wp-json\/wp\/v2\/pages\/154\/revisions\/165"}],"up":[{"embeddable":true,"href":"https:\/\/bellinivilla.com\/en\/wp-json\/wp\/v2\/pages\/11"}],"wp:attachment":[{"href":"https:\/\/bellinivilla.com\/en\/wp-json\/wp\/v2\/media?parent=154"}],"curies":[{"name":"wp","href":"https:\/\/api.w.org\/{rel}","templated":true}]}}